{"id":2872,"date":"2024-04-23T09:37:12","date_gmt":"2024-04-23T07:37:12","guid":{"rendered":"https:\/\/arcointernational.it\/home\/"},"modified":"2025-08-22T07:45:47","modified_gmt":"2025-08-22T05:45:47","slug":"home","status":"publish","type":"page","link":"https:\/\/arcointernational.it\/fr\/","title":{"rendered":"Home"},"content":{"rendered":"\n<p>Derri\u00e8re chaque machine, chaque installation, il y a une <strong>\u00e9quipe de personnes<\/strong> qualifi\u00e9es et passionn\u00e9es qui rendent possible ce que nous faisons. Chez <strong>ARCO INTERNATIONAL<\/strong>, nous sommes fiers de <strong>notre personnel<\/strong>, qui a acquis une exp\u00e9rience sp\u00e9cifique dans l\u2019installation, le montage et l\u2019essai de machines et d\u2019installations pour le tron\u00e7onnage et la production de granul\u00e9s.<\/p>\n\n\n\n<p>Chaque projet que nous entreprenons b\u00e9n\u00e9ficie de leur savoir-faire, acquis au fil d\u2019ann\u00e9es d\u2019exp\u00e9rience sur le terrain, ainsi que de leur d\u00e9vouement \u00e0 garantir que chaque machine fonctionne \u00e0 son plein potentiel.<\/p>\n\n\n\n<p><strong>Deux marques, une seule philosophie : une vision qui englobe l\u2019\u00e9conomie circulaire, les \u00e9conomies d\u2019\u00e9nergie et la pr\u00e9servation de l\u2019environnement et du territoire.<\/strong><\/p>\n\n\n\n<p class=\"has-text-align-center\">Suivez-nous sur <a href=\"https:\/\/www.youtube.com\/@ArcoInternationalsrl\">notre cha\u00eene <\/a><a href=\"https:\/\/www.youtube.com\/@ArcoInternationalsrl\" target=\"_blank\" rel=\"noreferrer noopener\">YouTube<\/a> : d\u00e9couvrez les vid\u00e9os de quelques-unes de nos r\u00e9alisations.<br><\/p>\n\n\n\n<p><\/p>\n","protected":false},"excerpt":{"rendered":"<p>Derri\u00e8re chaque machine, chaque installation, il y a une \u00e9quipe de personnes qualifi\u00e9es et passionn\u00e9es qui rendent possible&#8230;<\/p>\n","protected":false},"author":2,"featured_media":0,"parent":0,"menu_order":0,"comment_status":"closed","ping_status":"closed","template":"","meta":{"_acf_changed":false,"footnotes":""},"class_list":["post-2872","page","type-page","status-publish","hentry"],"acf":[],"yoast_head":"<!-- This site is optimized with the Yoast SEO plugin v26.7 - https:\/\/yoast.com\/wordpress\/plugins\/seo\/ -->\n<title>Home - Arco international<\/title>\n<meta name=\"robots\" content=\"index, follow, max-snippet:-1, max-image-preview:large, max-video-preview:-1\" \/>\n<link rel=\"canonical\" href=\"https:\/\/arcointernational.it\/fr\/\" \/>\n<meta property=\"og:locale\" content=\"fr_FR\" \/>\n<meta property=\"og:type\" content=\"article\" \/>\n<meta property=\"og:title\" content=\"Home - Arco international\" \/>\n<meta property=\"og:description\" content=\"Derri\u00e8re chaque machine, chaque installation, il y a une \u00e9quipe de personnes qualifi\u00e9es et passionn\u00e9es qui rendent possible...\" \/>\n<meta property=\"og:url\" content=\"https:\/\/arcointernational.it\/fr\/\" \/>\n<meta property=\"og:site_name\" content=\"Arco international\" \/>\n<meta property=\"article:modified_time\" content=\"2025-08-22T05:45:47+00:00\" \/>\n<script type=\"application\/ld+json\" class=\"yoast-schema-graph\">{\"@context\":\"https:\/\/schema.org\",\"@graph\":[{\"@type\":\"WebPage\",\"@id\":\"https:\/\/arcointernational.it\/fr\/\",\"url\":\"https:\/\/arcointernational.it\/fr\/\",\"name\":\"Home - Arco international\",\"isPartOf\":{\"@id\":\"https:\/\/arcointernational.it\/fr\/#website\"},\"datePublished\":\"2024-04-23T07:37:12+00:00\",\"dateModified\":\"2025-08-22T05:45:47+00:00\",\"breadcrumb\":{\"@id\":\"https:\/\/arcointernational.it\/fr\/#breadcrumb\"},\"inLanguage\":\"fr-FR\",\"potentialAction\":[{\"@type\":\"ReadAction\",\"target\":[\"https:\/\/arcointernational.it\/fr\/\"]}]},{\"@type\":\"BreadcrumbList\",\"@id\":\"https:\/\/arcointernational.it\/fr\/#breadcrumb\",\"itemListElement\":[{\"@type\":\"ListItem\",\"position\":1,\"name\":\"Home\",\"item\":\"https:\/\/arcointernational.it\/fr\/\"},{\"@type\":\"ListItem\",\"position\":2,\"name\":\"Home\"}]},{\"@type\":\"WebSite\",\"@id\":\"https:\/\/arcointernational.it\/fr\/#website\",\"url\":\"https:\/\/arcointernational.it\/fr\/\",\"name\":\"Arco international\",\"description\":\"Installations de d\u00e9coupe et de granulation\",\"potentialAction\":[{\"@type\":\"SearchAction\",\"target\":{\"@type\":\"EntryPoint\",\"urlTemplate\":\"https:\/\/arcointernational.it\/fr\/?s={search_term_string}\"},\"query-input\":{\"@type\":\"PropertyValueSpecification\",\"valueRequired\":true,\"valueName\":\"search_term_string\"}}],\"inLanguage\":\"fr-FR\"}]}<\/script>\n<!-- \/ Yoast SEO plugin. -->","yoast_head_json":{"title":"Home - Arco international","robots":{"index":"index","follow":"follow","max-snippet":"max-snippet:-1","max-image-preview":"max-image-preview:large","max-video-preview":"max-video-preview:-1"},"canonical":"https:\/\/arcointernational.it\/fr\/","og_locale":"fr_FR","og_type":"article","og_title":"Home - Arco international","og_description":"Derri\u00e8re chaque machine, chaque installation, il y a une \u00e9quipe de personnes qualifi\u00e9es et passionn\u00e9es qui rendent possible...","og_url":"https:\/\/arcointernational.it\/fr\/","og_site_name":"Arco international","article_modified_time":"2025-08-22T05:45:47+00:00","schema":{"@context":"https:\/\/schema.org","@graph":[{"@type":"WebPage","@id":"https:\/\/arcointernational.it\/fr\/","url":"https:\/\/arcointernational.it\/fr\/","name":"Home - Arco international","isPartOf":{"@id":"https:\/\/arcointernational.it\/fr\/#website"},"datePublished":"2024-04-23T07:37:12+00:00","dateModified":"2025-08-22T05:45:47+00:00","breadcrumb":{"@id":"https:\/\/arcointernational.it\/fr\/#breadcrumb"},"inLanguage":"fr-FR","potentialAction":[{"@type":"ReadAction","target":["https:\/\/arcointernational.it\/fr\/"]}]},{"@type":"BreadcrumbList","@id":"https:\/\/arcointernational.it\/fr\/#breadcrumb","itemListElement":[{"@type":"ListItem","position":1,"name":"Home","item":"https:\/\/arcointernational.it\/fr\/"},{"@type":"ListItem","position":2,"name":"Home"}]},{"@type":"WebSite","@id":"https:\/\/arcointernational.it\/fr\/#website","url":"https:\/\/arcointernational.it\/fr\/","name":"Arco international","description":"Installations de d\u00e9coupe et de granulation","potentialAction":[{"@type":"SearchAction","target":{"@type":"EntryPoint","urlTemplate":"https:\/\/arcointernational.it\/fr\/?s={search_term_string}"},"query-input":{"@type":"PropertyValueSpecification","valueRequired":true,"valueName":"search_term_string"}}],"inLanguage":"fr-FR"}]}},"_links":{"self":[{"href":"https:\/\/arcointernational.it\/fr\/wp-json\/wp\/v2\/pages\/2872","targetHints":{"allow":["GET"]}}],"collection":[{"href":"https:\/\/arcointernational.it\/fr\/wp-json\/wp\/v2\/pages"}],"about":[{"href":"https:\/\/arcointernational.it\/fr\/wp-json\/wp\/v2\/types\/page"}],"author":[{"embeddable":true,"href":"https:\/\/arcointernational.it\/fr\/wp-json\/wp\/v2\/users\/2"}],"replies":[{"embeddable":true,"href":"https:\/\/arcointernational.it\/fr\/wp-json\/wp\/v2\/comments?post=2872"}],"version-history":[{"count":2,"href":"https:\/\/arcointernational.it\/fr\/wp-json\/wp\/v2\/pages\/2872\/revisions"}],"predecessor-version":[{"id":3203,"href":"https:\/\/arcointernational.it\/fr\/wp-json\/wp\/v2\/pages\/2872\/revisions\/3203"}],"wp:attachment":[{"href":"https:\/\/arcointernational.it\/fr\/wp-json\/wp\/v2\/media?parent=2872"}],"curies":[{"name":"wp","href":"https:\/\/api.w.org\/{rel}","templated":true}]}}