{"id":2874,"date":"2024-04-23T09:37:29","date_gmt":"2024-04-23T07:37:29","guid":{"rendered":"https:\/\/arcointernational.it\/arco-international\/"},"modified":"2025-08-20T06:41:29","modified_gmt":"2025-08-20T04:41:29","slug":"arco-international","status":"publish","type":"page","link":"https:\/\/arcointernational.it\/fr\/arco-international\/","title":{"rendered":"Arco International"},"content":{"rendered":"\n<p><strong>ARCO INTERNATIONAL<\/strong> est un partenaire de confiance qui, depuis plus de 25 ans, transforme les d\u00e9fis du secteur manufacturier en opportunit\u00e9s d&rsquo;innovation. Avec une passion profond\u00e9ment ancr\u00e9e au c\u0153ur de l&rsquo;industrie du bois, ARCO a su \u00e9voluer, devenant un leader dans les solutions de d\u00e9coupe qui ne se contentent pas de r\u00e9pondre aux attentes de ses clients, mais les surpassent.<\/p>\n\n\n\n<p>Notre force r\u00e9side dans notre exp\u00e9rience et notre pr\u00e9sence constante, qui nous permettent de comprendre en profondeur les exigences uniques de chaque client. Cet engagement nous a pouss\u00e9s \u00e0 \u00e9largir nos horizons, en offrant des technologies de pointe non seulement pour le bois, mais aussi pour la d\u00e9coupe de panneaux en fibrociment, plastique et aluminium.<\/p>\n\n\n\n<p>Notre catalogue de production est le reflet de notre engagement envers la qualit\u00e9 et l&rsquo;innovation: scies monolame et angulaires, installations de recoupe et de d\u00e9coupe \u00e0 lames multiples, scies \u00e0 tron\u00e7onner rapides et machines de d\u00e9coupe \u00e9quip\u00e9es de syst\u00e8me de pliage. Chaque machine qui sort de notre usine est le r\u00e9sultat d&rsquo;une approche sur mesure, con\u00e7ue pour r\u00e9pondre aux demandes sp\u00e9cifiques de nos clients, garantissant efficacit\u00e9, pr\u00e9cision et.<\/p>\n\n\n\n<p><strong>ARCO INTERNATIONAL<\/strong> n&rsquo;est pas seulement un fournisseur de machines, mais un partenaire qui vous accompagne \u00e0 chaque \u00e9tape, transformant votre vision en r\u00e9alit\u00e9. Avec un regard toujours tourn\u00e9 vers l&rsquo;avenir, nous sommes ici pour innover, cro\u00eetre et construire avec vous des solutions qui font la diff\u00e9rence.<\/p>\n\n\n\n<p class=\"has-text-align-left\"><strong>L\u00e0 o\u00f9 les autres s&rsquo;arr\u00eatent, nous commen\u00e7ons :<\/strong> ce n&rsquo;est pas simplement un slogan, c&rsquo;est le c\u0153ur battant d&rsquo;ARCO International. C&rsquo;est notre promesse d&rsquo;aller au-del\u00e0, de repousser les fronti\u00e8res de l&rsquo;innovation et de la qualit\u00e9. Dans un secteur o\u00f9 la complexit\u00e9 marque souvent la limite, nous y voyons un point de d\u00e9part. C&rsquo;est ici que nous prenons le contr\u00f4le, transformant les d\u00e9fis en opportunit\u00e9s et offrant des solutions qui non seulement r\u00e9pondent aux exigences, mais ouvrent de nouvelles voies vers l&rsquo;excellence.<\/p>\n","protected":false},"excerpt":{"rendered":"<p>ARCO INTERNATIONAL est un partenaire de confiance qui, depuis plus de 25 ans, transforme les d\u00e9fis du secteur&#8230;<\/p>\n","protected":false},"author":2,"featured_media":2875,"parent":0,"menu_order":0,"comment_status":"closed","ping_status":"closed","template":"page-templates\/single-division.php","meta":{"_acf_changed":false,"footnotes":""},"class_list":["post-2874","page","type-page","status-publish","has-post-thumbnail","hentry"],"acf":[],"yoast_head":"<!-- This site is optimized with the Yoast SEO plugin v26.7 - https:\/\/yoast.com\/wordpress\/plugins\/seo\/ -->\n<title>Arco International - Arco international<\/title>\n<meta name=\"robots\" content=\"index, follow, max-snippet:-1, max-image-preview:large, max-video-preview:-1\" \/>\n<link rel=\"canonical\" href=\"https:\/\/arcointernational.it\/fr\/arco-international\/\" \/>\n<meta property=\"og:locale\" content=\"fr_FR\" \/>\n<meta property=\"og:type\" content=\"article\" \/>\n<meta property=\"og:title\" content=\"Arco International - Arco international\" \/>\n<meta property=\"og:description\" content=\"ARCO INTERNATIONAL est un partenaire de confiance qui, depuis plus de 25 ans, transforme les d\u00e9fis du secteur...\" \/>\n<meta property=\"og:url\" content=\"https:\/\/arcointernational.it\/fr\/arco-international\/\" \/>\n<meta property=\"og:site_name\" content=\"Arco international\" \/>\n<meta property=\"article:modified_time\" content=\"2025-08-20T04:41:29+00:00\" \/>\n<meta property=\"og:image\" content=\"https:\/\/arcointernational.it\/wp-content\/uploads\/2024\/06\/office.jpg\" \/>\n\t<meta property=\"og:image:width\" content=\"2560\" \/>\n\t<meta property=\"og:image:height\" content=\"1438\" \/>\n\t<meta property=\"og:image:type\" content=\"image\/jpeg\" \/>\n<script type=\"application\/ld+json\" class=\"yoast-schema-graph\">{\"@context\":\"https:\/\/schema.org\",\"@graph\":[{\"@type\":\"WebPage\",\"@id\":\"https:\/\/arcointernational.it\/fr\/arco-international\/\",\"url\":\"https:\/\/arcointernational.it\/fr\/arco-international\/\",\"name\":\"Arco International - Arco international\",\"isPartOf\":{\"@id\":\"https:\/\/arcointernational.it\/fr\/#website\"},\"primaryImageOfPage\":{\"@id\":\"https:\/\/arcointernational.it\/fr\/arco-international\/#primaryimage\"},\"image\":{\"@id\":\"https:\/\/arcointernational.it\/fr\/arco-international\/#primaryimage\"},\"thumbnailUrl\":\"https:\/\/arcointernational.it\/wp-content\/uploads\/2024\/06\/office.jpg\",\"datePublished\":\"2024-04-23T07:37:29+00:00\",\"dateModified\":\"2025-08-20T04:41:29+00:00\",\"breadcrumb\":{\"@id\":\"https:\/\/arcointernational.it\/fr\/arco-international\/#breadcrumb\"},\"inLanguage\":\"fr-FR\",\"potentialAction\":[{\"@type\":\"ReadAction\",\"target\":[\"https:\/\/arcointernational.it\/fr\/arco-international\/\"]}]},{\"@type\":\"ImageObject\",\"inLanguage\":\"fr-FR\",\"@id\":\"https:\/\/arcointernational.it\/fr\/arco-international\/#primaryimage\",\"url\":\"https:\/\/arcointernational.it\/wp-content\/uploads\/2024\/06\/office.jpg\",\"contentUrl\":\"https:\/\/arcointernational.it\/wp-content\/uploads\/2024\/06\/office.jpg\",\"width\":2560,\"height\":1438},{\"@type\":\"BreadcrumbList\",\"@id\":\"https:\/\/arcointernational.it\/fr\/arco-international\/#breadcrumb\",\"itemListElement\":[{\"@type\":\"ListItem\",\"position\":1,\"name\":\"Home\",\"item\":\"https:\/\/arcointernational.it\/fr\/\"},{\"@type\":\"ListItem\",\"position\":2,\"name\":\"Arco International\"}]},{\"@type\":\"WebSite\",\"@id\":\"https:\/\/arcointernational.it\/fr\/#website\",\"url\":\"https:\/\/arcointernational.it\/fr\/\",\"name\":\"Arco international\",\"description\":\"Installations de d\u00e9coupe et de granulation\",\"potentialAction\":[{\"@type\":\"SearchAction\",\"target\":{\"@type\":\"EntryPoint\",\"urlTemplate\":\"https:\/\/arcointernational.it\/fr\/?s={search_term_string}\"},\"query-input\":{\"@type\":\"PropertyValueSpecification\",\"valueRequired\":true,\"valueName\":\"search_term_string\"}}],\"inLanguage\":\"fr-FR\"}]}<\/script>\n<!-- \/ Yoast SEO plugin. -->","yoast_head_json":{"title":"Arco International - Arco international","robots":{"index":"index","follow":"follow","max-snippet":"max-snippet:-1","max-image-preview":"max-image-preview:large","max-video-preview":"max-video-preview:-1"},"canonical":"https:\/\/arcointernational.it\/fr\/arco-international\/","og_locale":"fr_FR","og_type":"article","og_title":"Arco International - Arco international","og_description":"ARCO INTERNATIONAL est un partenaire de confiance qui, depuis plus de 25 ans, transforme les d\u00e9fis du secteur...","og_url":"https:\/\/arcointernational.it\/fr\/arco-international\/","og_site_name":"Arco international","article_modified_time":"2025-08-20T04:41:29+00:00","og_image":[{"width":2560,"height":1438,"url":"https:\/\/arcointernational.it\/wp-content\/uploads\/2024\/06\/office.jpg","type":"image\/jpeg"}],"schema":{"@context":"https:\/\/schema.org","@graph":[{"@type":"WebPage","@id":"https:\/\/arcointernational.it\/fr\/arco-international\/","url":"https:\/\/arcointernational.it\/fr\/arco-international\/","name":"Arco International - Arco international","isPartOf":{"@id":"https:\/\/arcointernational.it\/fr\/#website"},"primaryImageOfPage":{"@id":"https:\/\/arcointernational.it\/fr\/arco-international\/#primaryimage"},"image":{"@id":"https:\/\/arcointernational.it\/fr\/arco-international\/#primaryimage"},"thumbnailUrl":"https:\/\/arcointernational.it\/wp-content\/uploads\/2024\/06\/office.jpg","datePublished":"2024-04-23T07:37:29+00:00","dateModified":"2025-08-20T04:41:29+00:00","breadcrumb":{"@id":"https:\/\/arcointernational.it\/fr\/arco-international\/#breadcrumb"},"inLanguage":"fr-FR","potentialAction":[{"@type":"ReadAction","target":["https:\/\/arcointernational.it\/fr\/arco-international\/"]}]},{"@type":"ImageObject","inLanguage":"fr-FR","@id":"https:\/\/arcointernational.it\/fr\/arco-international\/#primaryimage","url":"https:\/\/arcointernational.it\/wp-content\/uploads\/2024\/06\/office.jpg","contentUrl":"https:\/\/arcointernational.it\/wp-content\/uploads\/2024\/06\/office.jpg","width":2560,"height":1438},{"@type":"BreadcrumbList","@id":"https:\/\/arcointernational.it\/fr\/arco-international\/#breadcrumb","itemListElement":[{"@type":"ListItem","position":1,"name":"Home","item":"https:\/\/arcointernational.it\/fr\/"},{"@type":"ListItem","position":2,"name":"Arco International"}]},{"@type":"WebSite","@id":"https:\/\/arcointernational.it\/fr\/#website","url":"https:\/\/arcointernational.it\/fr\/","name":"Arco international","description":"Installations de d\u00e9coupe et de granulation","potentialAction":[{"@type":"SearchAction","target":{"@type":"EntryPoint","urlTemplate":"https:\/\/arcointernational.it\/fr\/?s={search_term_string}"},"query-input":{"@type":"PropertyValueSpecification","valueRequired":true,"valueName":"search_term_string"}}],"inLanguage":"fr-FR"}]}},"_links":{"self":[{"href":"https:\/\/arcointernational.it\/fr\/wp-json\/wp\/v2\/pages\/2874","targetHints":{"allow":["GET"]}}],"collection":[{"href":"https:\/\/arcointernational.it\/fr\/wp-json\/wp\/v2\/pages"}],"about":[{"href":"https:\/\/arcointernational.it\/fr\/wp-json\/wp\/v2\/types\/page"}],"author":[{"embeddable":true,"href":"https:\/\/arcointernational.it\/fr\/wp-json\/wp\/v2\/users\/2"}],"replies":[{"embeddable":true,"href":"https:\/\/arcointernational.it\/fr\/wp-json\/wp\/v2\/comments?post=2874"}],"version-history":[{"count":2,"href":"https:\/\/arcointernational.it\/fr\/wp-json\/wp\/v2\/pages\/2874\/revisions"}],"predecessor-version":[{"id":2905,"href":"https:\/\/arcointernational.it\/fr\/wp-json\/wp\/v2\/pages\/2874\/revisions\/2905"}],"wp:featuredmedia":[{"embeddable":true,"href":"https:\/\/arcointernational.it\/fr\/wp-json\/wp\/v2\/media\/2875"}],"wp:attachment":[{"href":"https:\/\/arcointernational.it\/fr\/wp-json\/wp\/v2\/media?parent=2874"}],"curies":[{"name":"wp","href":"https:\/\/api.w.org\/{rel}","templated":true}]}}