{"id":2876,"date":"2024-04-29T10:46:15","date_gmt":"2024-04-29T08:46:15","guid":{"rendered":"https:\/\/arcointernational.it\/arco-international\/lavorazioni\/"},"modified":"2025-08-20T06:45:50","modified_gmt":"2025-08-20T04:45:50","slug":"applications","status":"publish","type":"page","link":"https:\/\/arcointernational.it\/fr\/arco-international\/applications\/","title":{"rendered":"Applications"},"content":{"rendered":"\n<p class=\"has-text-align-left\"><br>ARCO INTERNATIONAL est une entreprise leader <strong>dans l&rsquo;\u00e9tude et la production de scies <\/strong>de haute qualit\u00e9, con\u00e7ues pour r\u00e9pondre aux exigences d\u2019usinage et de d\u00e9coupe d&rsquo;une <strong>large vari\u00e9t\u00e9 de mat\u00e9riaux<\/strong>. Notre expertise couvre des mat\u00e9riaux tels que le bois, les m\u00e9taux non ferreux, les panneaux pour la construction et d&rsquo;autres types de panneaux sp\u00e9cifiques, utilis\u00e9s dans des secteurs tels que la production de meubles, la r\u00e9alisation de stands d&rsquo;exposition et l&rsquo;industrie nautique.<\/p>\n\n\n\n<p>Chaque installation est con\u00e7ue sur mesure pour r\u00e9pondre aux exigences sp\u00e9cifiques de nos clients, que ce soit pour optimiser chaque phase d\u2019usinage ou pour \u00e9tudier un syst\u00e8me int\u00e9gr\u00e9 complet. Gr\u00e2ce \u00e0 une connaissance approfondie des mat\u00e9riaux et de leurs caract\u00e9ristiques, nous combinons des technologies de pointe et des solutions innovantes pour garantir une pr\u00e9cision maximale, une fiabilit\u00e9 et une productivit\u00e9 accrues.<\/p>\n\n\n\n<p class=\"has-text-align-left\">Faire confiance \u00e0 ARCO INTERNATIONAL, c&rsquo;est choisir un partenaire qui valorise chaque d\u00e9tail, en traduisant les exigences op\u00e9rationnelles en installations efficaces et performantes, capables de s&rsquo;adapter \u00e0 un march\u00e9 en constante \u00e9volution.<\/p>\n","protected":false},"excerpt":{"rendered":"<p>ARCO INTERNATIONAL est une entreprise leader dans l&rsquo;\u00e9tude et la production de scies de haute qualit\u00e9, con\u00e7ues pour&#8230;<\/p>\n","protected":false},"author":2,"featured_media":2877,"parent":2874,"menu_order":0,"comment_status":"closed","ping_status":"closed","template":"page-templates\/single-accordion.php","meta":{"_acf_changed":false,"footnotes":""},"class_list":["post-2876","page","type-page","status-publish","has-post-thumbnail","hentry"],"acf":[],"yoast_head":"<!-- This site is optimized with the Yoast SEO plugin v26.7 - https:\/\/yoast.com\/wordpress\/plugins\/seo\/ -->\n<title>Applications - Arco international<\/title>\n<meta name=\"robots\" content=\"index, follow, max-snippet:-1, max-image-preview:large, max-video-preview:-1\" \/>\n<link rel=\"canonical\" href=\"https:\/\/arcointernational.it\/fr\/arco-international\/applications\/\" \/>\n<meta property=\"og:locale\" content=\"fr_FR\" \/>\n<meta property=\"og:type\" content=\"article\" \/>\n<meta property=\"og:title\" content=\"Applications - Arco international\" \/>\n<meta property=\"og:description\" content=\"ARCO INTERNATIONAL est une entreprise leader dans l&rsquo;\u00e9tude et la production de scies de haute qualit\u00e9, con\u00e7ues pour...\" \/>\n<meta property=\"og:url\" content=\"https:\/\/arcointernational.it\/fr\/arco-international\/applications\/\" \/>\n<meta property=\"og:site_name\" content=\"Arco international\" \/>\n<meta property=\"article:modified_time\" content=\"2025-08-20T04:45:50+00:00\" \/>\n<meta property=\"og:image\" content=\"https:\/\/arcointernational.it\/wp-content\/uploads\/2024\/06\/NovaPellet-11.jpg\" \/>\n\t<meta property=\"og:image:width\" content=\"1920\" \/>\n\t<meta property=\"og:image:height\" content=\"1281\" \/>\n\t<meta property=\"og:image:type\" content=\"image\/jpeg\" \/>\n<script type=\"application\/ld+json\" class=\"yoast-schema-graph\">{\"@context\":\"https:\/\/schema.org\",\"@graph\":[{\"@type\":\"WebPage\",\"@id\":\"https:\/\/arcointernational.it\/fr\/arco-international\/applications\/\",\"url\":\"https:\/\/arcointernational.it\/fr\/arco-international\/applications\/\",\"name\":\"Applications - Arco international\",\"isPartOf\":{\"@id\":\"https:\/\/arcointernational.it\/fr\/#website\"},\"primaryImageOfPage\":{\"@id\":\"https:\/\/arcointernational.it\/fr\/arco-international\/applications\/#primaryimage\"},\"image\":{\"@id\":\"https:\/\/arcointernational.it\/fr\/arco-international\/applications\/#primaryimage\"},\"thumbnailUrl\":\"https:\/\/arcointernational.it\/wp-content\/uploads\/2024\/06\/NovaPellet-11.jpg\",\"datePublished\":\"2024-04-29T08:46:15+00:00\",\"dateModified\":\"2025-08-20T04:45:50+00:00\",\"breadcrumb\":{\"@id\":\"https:\/\/arcointernational.it\/fr\/arco-international\/applications\/#breadcrumb\"},\"inLanguage\":\"fr-FR\",\"potentialAction\":[{\"@type\":\"ReadAction\",\"target\":[\"https:\/\/arcointernational.it\/fr\/arco-international\/applications\/\"]}]},{\"@type\":\"ImageObject\",\"inLanguage\":\"fr-FR\",\"@id\":\"https:\/\/arcointernational.it\/fr\/arco-international\/applications\/#primaryimage\",\"url\":\"https:\/\/arcointernational.it\/wp-content\/uploads\/2024\/06\/NovaPellet-11.jpg\",\"contentUrl\":\"https:\/\/arcointernational.it\/wp-content\/uploads\/2024\/06\/NovaPellet-11.jpg\",\"width\":1920,\"height\":1281},{\"@type\":\"BreadcrumbList\",\"@id\":\"https:\/\/arcointernational.it\/fr\/arco-international\/applications\/#breadcrumb\",\"itemListElement\":[{\"@type\":\"ListItem\",\"position\":1,\"name\":\"Home\",\"item\":\"https:\/\/arcointernational.it\/fr\/\"},{\"@type\":\"ListItem\",\"position\":2,\"name\":\"Arco International\",\"item\":\"https:\/\/arcointernational.it\/fr\/arco-international\/\"},{\"@type\":\"ListItem\",\"position\":3,\"name\":\"Applications\"}]},{\"@type\":\"WebSite\",\"@id\":\"https:\/\/arcointernational.it\/fr\/#website\",\"url\":\"https:\/\/arcointernational.it\/fr\/\",\"name\":\"Arco international\",\"description\":\"Installations de d\u00e9coupe et de granulation\",\"potentialAction\":[{\"@type\":\"SearchAction\",\"target\":{\"@type\":\"EntryPoint\",\"urlTemplate\":\"https:\/\/arcointernational.it\/fr\/?s={search_term_string}\"},\"query-input\":{\"@type\":\"PropertyValueSpecification\",\"valueRequired\":true,\"valueName\":\"search_term_string\"}}],\"inLanguage\":\"fr-FR\"}]}<\/script>\n<!-- \/ Yoast SEO plugin. -->","yoast_head_json":{"title":"Applications - Arco international","robots":{"index":"index","follow":"follow","max-snippet":"max-snippet:-1","max-image-preview":"max-image-preview:large","max-video-preview":"max-video-preview:-1"},"canonical":"https:\/\/arcointernational.it\/fr\/arco-international\/applications\/","og_locale":"fr_FR","og_type":"article","og_title":"Applications - Arco international","og_description":"ARCO INTERNATIONAL est une entreprise leader dans l&rsquo;\u00e9tude et la production de scies de haute qualit\u00e9, con\u00e7ues pour...","og_url":"https:\/\/arcointernational.it\/fr\/arco-international\/applications\/","og_site_name":"Arco international","article_modified_time":"2025-08-20T04:45:50+00:00","og_image":[{"width":1920,"height":1281,"url":"https:\/\/arcointernational.it\/wp-content\/uploads\/2024\/06\/NovaPellet-11.jpg","type":"image\/jpeg"}],"schema":{"@context":"https:\/\/schema.org","@graph":[{"@type":"WebPage","@id":"https:\/\/arcointernational.it\/fr\/arco-international\/applications\/","url":"https:\/\/arcointernational.it\/fr\/arco-international\/applications\/","name":"Applications - Arco international","isPartOf":{"@id":"https:\/\/arcointernational.it\/fr\/#website"},"primaryImageOfPage":{"@id":"https:\/\/arcointernational.it\/fr\/arco-international\/applications\/#primaryimage"},"image":{"@id":"https:\/\/arcointernational.it\/fr\/arco-international\/applications\/#primaryimage"},"thumbnailUrl":"https:\/\/arcointernational.it\/wp-content\/uploads\/2024\/06\/NovaPellet-11.jpg","datePublished":"2024-04-29T08:46:15+00:00","dateModified":"2025-08-20T04:45:50+00:00","breadcrumb":{"@id":"https:\/\/arcointernational.it\/fr\/arco-international\/applications\/#breadcrumb"},"inLanguage":"fr-FR","potentialAction":[{"@type":"ReadAction","target":["https:\/\/arcointernational.it\/fr\/arco-international\/applications\/"]}]},{"@type":"ImageObject","inLanguage":"fr-FR","@id":"https:\/\/arcointernational.it\/fr\/arco-international\/applications\/#primaryimage","url":"https:\/\/arcointernational.it\/wp-content\/uploads\/2024\/06\/NovaPellet-11.jpg","contentUrl":"https:\/\/arcointernational.it\/wp-content\/uploads\/2024\/06\/NovaPellet-11.jpg","width":1920,"height":1281},{"@type":"BreadcrumbList","@id":"https:\/\/arcointernational.it\/fr\/arco-international\/applications\/#breadcrumb","itemListElement":[{"@type":"ListItem","position":1,"name":"Home","item":"https:\/\/arcointernational.it\/fr\/"},{"@type":"ListItem","position":2,"name":"Arco International","item":"https:\/\/arcointernational.it\/fr\/arco-international\/"},{"@type":"ListItem","position":3,"name":"Applications"}]},{"@type":"WebSite","@id":"https:\/\/arcointernational.it\/fr\/#website","url":"https:\/\/arcointernational.it\/fr\/","name":"Arco international","description":"Installations de d\u00e9coupe et de granulation","potentialAction":[{"@type":"SearchAction","target":{"@type":"EntryPoint","urlTemplate":"https:\/\/arcointernational.it\/fr\/?s={search_term_string}"},"query-input":{"@type":"PropertyValueSpecification","valueRequired":true,"valueName":"search_term_string"}}],"inLanguage":"fr-FR"}]}},"_links":{"self":[{"href":"https:\/\/arcointernational.it\/fr\/wp-json\/wp\/v2\/pages\/2876","targetHints":{"allow":["GET"]}}],"collection":[{"href":"https:\/\/arcointernational.it\/fr\/wp-json\/wp\/v2\/pages"}],"about":[{"href":"https:\/\/arcointernational.it\/fr\/wp-json\/wp\/v2\/types\/page"}],"author":[{"embeddable":true,"href":"https:\/\/arcointernational.it\/fr\/wp-json\/wp\/v2\/users\/2"}],"replies":[{"embeddable":true,"href":"https:\/\/arcointernational.it\/fr\/wp-json\/wp\/v2\/comments?post=2876"}],"version-history":[{"count":1,"href":"https:\/\/arcointernational.it\/fr\/wp-json\/wp\/v2\/pages\/2876\/revisions"}],"predecessor-version":[{"id":2907,"href":"https:\/\/arcointernational.it\/fr\/wp-json\/wp\/v2\/pages\/2876\/revisions\/2907"}],"up":[{"embeddable":true,"href":"https:\/\/arcointernational.it\/fr\/wp-json\/wp\/v2\/pages\/2874"}],"wp:featuredmedia":[{"embeddable":true,"href":"https:\/\/arcointernational.it\/fr\/wp-json\/wp\/v2\/media\/2877"}],"wp:attachment":[{"href":"https:\/\/arcointernational.it\/fr\/wp-json\/wp\/v2\/media?parent=2876"}],"curies":[{"name":"wp","href":"https:\/\/api.w.org\/{rel}","templated":true}]}}