{"id":2887,"date":"2024-04-23T09:37:39","date_gmt":"2024-04-23T07:37:39","guid":{"rendered":"https:\/\/arcointernational.it\/nova-pellet\/"},"modified":"2025-08-20T06:50:04","modified_gmt":"2025-08-20T04:50:04","slug":"nova-pellet","status":"publish","type":"page","link":"https:\/\/arcointernational.it\/fr\/nova-pellet\/","title":{"rendered":"Nova Pellet"},"content":{"rendered":"\n<p>Chaque nom porte en lui une histoire, une vision, un projet de croissance qui se d\u00e9veloppe jour apr\u00e8s jour. <strong>Nova Pellet<\/strong> n&rsquo;est pas seulement un nom, mais le symbole d&rsquo;une tradition d&rsquo;excellence et d&rsquo;innovation dans le monde de la granulation. Depuis plus d&rsquo;une d\u00e9cennie, notre engagement est de transformer des id\u00e9es en solutions concr\u00e8tes, contribuant ainsi \u00e0 am\u00e9liorer l&rsquo;efficacit\u00e9 \u00e9nerg\u00e9tique et \u00e0 valoriser les ressources naturelles de mani\u00e8re durable.<\/p>\n\n\n\n<p><strong>Nova Pellet<\/strong> est synonyme d&rsquo;exp\u00e9rience et de fiabilit\u00e9, avec plus de <strong>350 machines<\/strong> install\u00e9es dans plus de <strong>40 Pays<\/strong>. Mais notre voyage a commenc\u00e9 bien avant, avec une exp\u00e9rience de dix ans dans les usinages m\u00e9caniques et une connaissance approfondie du secteur des machines pour le bois. Cette combinaison unique a donn\u00e9 naissance \u00e0 un know-how complet, capable de relever et de r\u00e9soudre les d\u00e9fis les plus complexes de la conception, de la construction et de l&rsquo;installation de lignes de production de granul\u00e9s, devenant ainsi un point de r\u00e9f\u00e9rence dans le secteur.<\/p>\n\n\n\n<p>Notre gamme de produits couvre tous les besoins, des machines pour la production artisanale aux installations industrielles, en garantissant des solutions personnalis\u00e9es pour chaque type de mat\u00e9riau que nos clients souhaitent recycler. Chaque machine <strong>Nova Pellet <\/strong>est le fruit d\u2019un travail d\u2019\u00e9quipe, enti\u00e8rement con\u00e7ue, fabriqu\u00e9e et assembl\u00e9e en Italie, avec une attention scrupuleuse aux d\u00e9tails et \u00e0 la qualit\u00e9. Nos machines, prot\u00e9g\u00e9es par des brevets industriels, s\u2019int\u00e8grent facilement aux installations existantes, en am\u00e9liorant leur efficacit\u00e9 et en optimisant les performances, m\u00eame dans les r\u00e9alit\u00e9s les plus anciennes.<\/p>\n\n\n\n<h4 class=\"wp-block-heading\">Scieries<\/h4>\n\n\n\n<p>Pour les scieries, nos installations repr\u00e9sentent une extension naturelle du processus de transformation du bois. Nous transformons les d\u00e9chets tels que la sciure, les copeaux et le bois d\u00e9chiquet\u00e9, m\u00eame humides, en granul\u00e9s de haute qualit\u00e9, rendant ainsi les activit\u00e9s plus efficaces et plus rentables.<\/p>\n\n\n\n<h4 class=\"wp-block-heading\">Menuiseries<\/h4>\n\n\n\n<p>Pour les menuiseries de toutes tailles, <strong>Nova Pellet<\/strong> offre la solution id\u00e9ale pour r\u00e9utiliser les d\u00e9chets de production et les transformer en granul\u00e9s, en optimisant les processus de fabrication et en am\u00e9liorant l\u2019environnement de travail.<\/p>\n\n\n\n<h4 class=\"wp-block-heading\">Biomasse<\/h4>\n\n\n\n<p>La granulation est un proc\u00e9d\u00e9 adaptable \u00e0 diff\u00e9rentes biomasses, pas seulement celles d\u2019origine ligneuse. Les avantages du produit granul\u00e9, comme la r\u00e9duction de volume, la haute densit\u00e9, les faibles co\u00fbts de transport et le pouvoir calorifique \u00e9lev\u00e9, ne sont que quelques-unes des raisons pour lesquelles de plus en plus d\u2019entreprises choisissent <strong>Nova Pellet<\/strong> pour r\u00e9pondre \u00e0 leurs exigences de production.<\/p>\n\n\n\n<p><strong>Voici notre histoire, notre engagement. Chaque machine que nous fabriquons est un pas en avant vers un avenir plus durable, plus efficace, plus respectueux des ressources de notre plan\u00e8te.<\/strong><\/p>\n","protected":false},"excerpt":{"rendered":"<p>Chaque nom porte en lui une histoire, une vision, un projet de croissance qui se d\u00e9veloppe jour apr\u00e8s&#8230;<\/p>\n","protected":false},"author":2,"featured_media":2888,"parent":0,"menu_order":0,"comment_status":"closed","ping_status":"closed","template":"page-templates\/single-division.php","meta":{"_acf_changed":false,"footnotes":""},"class_list":["post-2887","page","type-page","status-publish","has-post-thumbnail","hentry"],"acf":[],"yoast_head":"<!-- This site is optimized with the Yoast SEO plugin v26.7 - https:\/\/yoast.com\/wordpress\/plugins\/seo\/ -->\n<title>Nova Pellet - Arco international<\/title>\n<meta name=\"robots\" content=\"index, follow, max-snippet:-1, max-image-preview:large, max-video-preview:-1\" \/>\n<link rel=\"canonical\" href=\"https:\/\/arcointernational.it\/fr\/nova-pellet\/\" \/>\n<meta property=\"og:locale\" content=\"fr_FR\" \/>\n<meta property=\"og:type\" content=\"article\" \/>\n<meta property=\"og:title\" content=\"Nova Pellet - Arco international\" \/>\n<meta property=\"og:description\" content=\"Chaque nom porte en lui une histoire, une vision, un projet de croissance qui se d\u00e9veloppe jour apr\u00e8s...\" \/>\n<meta property=\"og:url\" content=\"https:\/\/arcointernational.it\/fr\/nova-pellet\/\" \/>\n<meta property=\"og:site_name\" content=\"Arco international\" \/>\n<meta property=\"article:modified_time\" content=\"2025-08-20T04:50:04+00:00\" \/>\n<meta property=\"og:image\" content=\"https:\/\/arcointernational.it\/wp-content\/uploads\/2024\/06\/pellets.jpg\" \/>\n\t<meta property=\"og:image:width\" content=\"2560\" \/>\n\t<meta property=\"og:image:height\" content=\"1438\" \/>\n\t<meta property=\"og:image:type\" content=\"image\/jpeg\" \/>\n<script type=\"application\/ld+json\" class=\"yoast-schema-graph\">{\"@context\":\"https:\/\/schema.org\",\"@graph\":[{\"@type\":\"WebPage\",\"@id\":\"https:\/\/arcointernational.it\/fr\/nova-pellet\/\",\"url\":\"https:\/\/arcointernational.it\/fr\/nova-pellet\/\",\"name\":\"Nova Pellet - Arco international\",\"isPartOf\":{\"@id\":\"https:\/\/arcointernational.it\/fr\/#website\"},\"primaryImageOfPage\":{\"@id\":\"https:\/\/arcointernational.it\/fr\/nova-pellet\/#primaryimage\"},\"image\":{\"@id\":\"https:\/\/arcointernational.it\/fr\/nova-pellet\/#primaryimage\"},\"thumbnailUrl\":\"https:\/\/arcointernational.it\/wp-content\/uploads\/2024\/06\/pellets.jpg\",\"datePublished\":\"2024-04-23T07:37:39+00:00\",\"dateModified\":\"2025-08-20T04:50:04+00:00\",\"breadcrumb\":{\"@id\":\"https:\/\/arcointernational.it\/fr\/nova-pellet\/#breadcrumb\"},\"inLanguage\":\"fr-FR\",\"potentialAction\":[{\"@type\":\"ReadAction\",\"target\":[\"https:\/\/arcointernational.it\/fr\/nova-pellet\/\"]}]},{\"@type\":\"ImageObject\",\"inLanguage\":\"fr-FR\",\"@id\":\"https:\/\/arcointernational.it\/fr\/nova-pellet\/#primaryimage\",\"url\":\"https:\/\/arcointernational.it\/wp-content\/uploads\/2024\/06\/pellets.jpg\",\"contentUrl\":\"https:\/\/arcointernational.it\/wp-content\/uploads\/2024\/06\/pellets.jpg\",\"width\":2560,\"height\":1438},{\"@type\":\"BreadcrumbList\",\"@id\":\"https:\/\/arcointernational.it\/fr\/nova-pellet\/#breadcrumb\",\"itemListElement\":[{\"@type\":\"ListItem\",\"position\":1,\"name\":\"Home\",\"item\":\"https:\/\/arcointernational.it\/fr\/\"},{\"@type\":\"ListItem\",\"position\":2,\"name\":\"Nova Pellet\"}]},{\"@type\":\"WebSite\",\"@id\":\"https:\/\/arcointernational.it\/fr\/#website\",\"url\":\"https:\/\/arcointernational.it\/fr\/\",\"name\":\"Arco international\",\"description\":\"Installations de d\u00e9coupe et de granulation\",\"potentialAction\":[{\"@type\":\"SearchAction\",\"target\":{\"@type\":\"EntryPoint\",\"urlTemplate\":\"https:\/\/arcointernational.it\/fr\/?s={search_term_string}\"},\"query-input\":{\"@type\":\"PropertyValueSpecification\",\"valueRequired\":true,\"valueName\":\"search_term_string\"}}],\"inLanguage\":\"fr-FR\"}]}<\/script>\n<!-- \/ Yoast SEO plugin. -->","yoast_head_json":{"title":"Nova Pellet - Arco international","robots":{"index":"index","follow":"follow","max-snippet":"max-snippet:-1","max-image-preview":"max-image-preview:large","max-video-preview":"max-video-preview:-1"},"canonical":"https:\/\/arcointernational.it\/fr\/nova-pellet\/","og_locale":"fr_FR","og_type":"article","og_title":"Nova Pellet - Arco international","og_description":"Chaque nom porte en lui une histoire, une vision, un projet de croissance qui se d\u00e9veloppe jour apr\u00e8s...","og_url":"https:\/\/arcointernational.it\/fr\/nova-pellet\/","og_site_name":"Arco international","article_modified_time":"2025-08-20T04:50:04+00:00","og_image":[{"width":2560,"height":1438,"url":"https:\/\/arcointernational.it\/wp-content\/uploads\/2024\/06\/pellets.jpg","type":"image\/jpeg"}],"schema":{"@context":"https:\/\/schema.org","@graph":[{"@type":"WebPage","@id":"https:\/\/arcointernational.it\/fr\/nova-pellet\/","url":"https:\/\/arcointernational.it\/fr\/nova-pellet\/","name":"Nova Pellet - Arco international","isPartOf":{"@id":"https:\/\/arcointernational.it\/fr\/#website"},"primaryImageOfPage":{"@id":"https:\/\/arcointernational.it\/fr\/nova-pellet\/#primaryimage"},"image":{"@id":"https:\/\/arcointernational.it\/fr\/nova-pellet\/#primaryimage"},"thumbnailUrl":"https:\/\/arcointernational.it\/wp-content\/uploads\/2024\/06\/pellets.jpg","datePublished":"2024-04-23T07:37:39+00:00","dateModified":"2025-08-20T04:50:04+00:00","breadcrumb":{"@id":"https:\/\/arcointernational.it\/fr\/nova-pellet\/#breadcrumb"},"inLanguage":"fr-FR","potentialAction":[{"@type":"ReadAction","target":["https:\/\/arcointernational.it\/fr\/nova-pellet\/"]}]},{"@type":"ImageObject","inLanguage":"fr-FR","@id":"https:\/\/arcointernational.it\/fr\/nova-pellet\/#primaryimage","url":"https:\/\/arcointernational.it\/wp-content\/uploads\/2024\/06\/pellets.jpg","contentUrl":"https:\/\/arcointernational.it\/wp-content\/uploads\/2024\/06\/pellets.jpg","width":2560,"height":1438},{"@type":"BreadcrumbList","@id":"https:\/\/arcointernational.it\/fr\/nova-pellet\/#breadcrumb","itemListElement":[{"@type":"ListItem","position":1,"name":"Home","item":"https:\/\/arcointernational.it\/fr\/"},{"@type":"ListItem","position":2,"name":"Nova Pellet"}]},{"@type":"WebSite","@id":"https:\/\/arcointernational.it\/fr\/#website","url":"https:\/\/arcointernational.it\/fr\/","name":"Arco international","description":"Installations de d\u00e9coupe et de granulation","potentialAction":[{"@type":"SearchAction","target":{"@type":"EntryPoint","urlTemplate":"https:\/\/arcointernational.it\/fr\/?s={search_term_string}"},"query-input":{"@type":"PropertyValueSpecification","valueRequired":true,"valueName":"search_term_string"}}],"inLanguage":"fr-FR"}]}},"_links":{"self":[{"href":"https:\/\/arcointernational.it\/fr\/wp-json\/wp\/v2\/pages\/2887","targetHints":{"allow":["GET"]}}],"collection":[{"href":"https:\/\/arcointernational.it\/fr\/wp-json\/wp\/v2\/pages"}],"about":[{"href":"https:\/\/arcointernational.it\/fr\/wp-json\/wp\/v2\/types\/page"}],"author":[{"embeddable":true,"href":"https:\/\/arcointernational.it\/fr\/wp-json\/wp\/v2\/users\/2"}],"replies":[{"embeddable":true,"href":"https:\/\/arcointernational.it\/fr\/wp-json\/wp\/v2\/comments?post=2887"}],"version-history":[{"count":1,"href":"https:\/\/arcointernational.it\/fr\/wp-json\/wp\/v2\/pages\/2887\/revisions"}],"predecessor-version":[{"id":2909,"href":"https:\/\/arcointernational.it\/fr\/wp-json\/wp\/v2\/pages\/2887\/revisions\/2909"}],"wp:featuredmedia":[{"embeddable":true,"href":"https:\/\/arcointernational.it\/fr\/wp-json\/wp\/v2\/media\/2888"}],"wp:attachment":[{"href":"https:\/\/arcointernational.it\/fr\/wp-json\/wp\/v2\/media?parent=2887"}],"curies":[{"name":"wp","href":"https:\/\/api.w.org\/{rel}","templated":true}]}}