{"id":2889,"date":"2023-07-19T12:33:08","date_gmt":"2023-07-19T10:33:08","guid":{"rendered":"https:\/\/arcointernational.it\/privacy-policy\/"},"modified":"2025-08-24T09:15:59","modified_gmt":"2025-08-24T07:15:59","slug":"privacy-policy","status":"publish","type":"page","link":"https:\/\/arcointernational.it\/fr\/privacy-policy\/","title":{"rendered":"Politique de confidentialit\u00e9"},"content":{"rendered":"\n<p><strong>Arco International S.r.l.<\/strong>, dont le si\u00e8ge social est situ\u00e9 Via Sostegno 6\/B 25124 \u2013 Brescia (BS), num\u00e9ro de TVA 02354510980 et code fiscal 02354510980, en qualit\u00e9 de responsable du traitement (ci-apr\u00e8s, le \u00abResponsable\u00bb), vous informe conform\u00e9ment \u00e0 l\u2019article 13 du d\u00e9cret l\u00e9gislatif italien du 30 juin 2003 n\u00b0 196 (ci-apr\u00e8s, <strong>\u00abCode de la vie priv\u00e9e\u00bb<\/strong>) et \u00e0 l\u2019article 13 du R\u00e8glement UE n\u00b0 2016\/679 (ci-apr\u00e8s, <strong>\u00abRGPD\u00bb<\/strong>) que vos donn\u00e9es seront trait\u00e9es selon les modalit\u00e9s et pour les finalit\u00e9s suivantes :<\/p>\n\n\n\n<h3 class=\"wp-block-heading\">1. Objet du traitement<\/h3>\n\n\n\n<p>Le Responsable traite les donn\u00e9es personnelles, identifiantes et non sensibles (\u00e0 titre d\u2019exemple non exhaustif : nom, pr\u00e9nom, adresse, t\u00e9l\u00e9phone, e-mail, etc. \u2013 ci-apr\u00e8s, \u00ab donn\u00e9es personnelles \u00bb ou simplement \u00ab donn\u00e9es \u00bb) que vous communiquez lors de votre inscription sur le site web arcointernational.it (ci-apr\u00e8s, le \u00ab Site \u00bb), lors de la compl\u00e9tion et de l\u2019envoi d\u2019un formulaire de contact au Responsable ou, en tout cas, dans le cadre de toute demande que vous effectuez via le Site.<\/p>\n\n\n\n<p>De plus, le Responsable peut collecter de mani\u00e8re anonymis\u00e9e des informations concernant la navigation et l\u2019interaction avec les pages de la plateforme web au moyen d\u2019outils externes appropri\u00e9s, tels que Google Analytics. Ces informations seront utilis\u00e9es dans le but de surveiller le service offert et la qualit\u00e9 des contenus affich\u00e9s, et ne contiendront aucune donn\u00e9e permettant d\u2019identifier une personne sp\u00e9cifique.<\/p>\n\n\n\n<h3 class=\"wp-block-heading\">2. Finalit\u00e9s du traitement<\/h3>\n\n\n\n<p>Vos donn\u00e9es personnelles sont trait\u00e9es :<\/p>\n\n\n\n<p>A. Sans votre consentement pr\u00e9alable expr\u00e8s (art. 24, lett. a), b), c) du Code de la vie priv\u00e9e et art. 6, lett. b), e) du RGPD), pour les finalit\u00e9s de service suivantes :<br>\u2022 remplir les obligations pr\u00e9contractuelles, contractuelles et fiscales d\u00e9coulant des relations en cours avec Vous ;<br>\u2022 Vous permettre de vous inscrire sur le Site ;<br>\u2022 traiter et g\u00e9rer les commandes re\u00e7ues et\/ou les achats effectu\u00e9s en ligne ;<br>\u2022 traiter une demande de contact ;<br>\u2022 g\u00e9rer et maintenir le Site ;<br>\u2022 respecter les obligations pr\u00e9vues par la loi, un r\u00e8glement, la r\u00e9glementation communautaire ou une ordonnance de l\u2019Autorit\u00e9 ;<br>\u2022 pr\u00e9venir ou d\u00e9tecter des activit\u00e9s frauduleuses ou des abus nuisibles au Site ;<br>\u2022 exercer les droits du Responsable, par exemple le droit de d\u00e9fense en justice.<\/p>\n\n\n\n<p>B. Uniquement avec Votre consentement sp\u00e9cifique et distinct (articles 23 et 130 du Code de la vie priv\u00e9e et article 7 du RGPD) pour les finalit\u00e9s de marketing suivantes :<br>\u2022 Vous envoyer par e-mail des newsletters, des communications commerciales et\/ou du mat\u00e9riel publicitaire concernant les produits ou services du Responsable.<\/p>\n\n\n\n<p>Nous Vous informons que, si Vous \u00eates d\u00e9j\u00e0 nos clients, nous pourrons Vous envoyer des communications commerciales concernant des services et produits du Responsable similaires \u00e0 ceux dont Vous avez d\u00e9j\u00e0 b\u00e9n\u00e9fici\u00e9, sauf opposition de Votre part (art. 130, al. 4 du Code de la vie priv\u00e9e).<\/p>\n\n\n\n<h3 class=\"wp-block-heading\">3. Modalit\u00e9s du traitement<\/h3>\n\n\n\n<p>Le traitement de Vos donn\u00e9es personnelles est effectu\u00e9 au moyen des op\u00e9rations vis\u00e9es \u00e0 l\u2019article 4 du Code de la vie priv\u00e9e et \u00e0 l\u2019article 4, point 2) du RGPD, \u00e0 savoir: la collecte, l\u2019enregistrement, l\u2019organisation, la conservation, la consultation, le traitement, la modification, la s\u00e9lection, l\u2019extraction, la comparaison, l\u2019utilisation, l\u2019interconnexion, le blocage, la communication, l\u2019effacement et la destruction des donn\u00e9es.<br>Vos donn\u00e9es personnelles sont trait\u00e9es \u00e0 la fois sur support papier (archives) et par des moyens \u00e9lectroniques et\/ou automatis\u00e9s (logiciels de gestion, services de stockage cloud, services SMTP externes pour l\u2019envoi d\u2019e-mails).<\/p>\n\n\n\n<p>Le Responsable traitera les donn\u00e9es personnelles pendant la dur\u00e9e n\u00e9cessaire \u00e0 la r\u00e9alisation des finalit\u00e9s susmentionn\u00e9es et, en tout \u00e9tat de cause, pour une p\u00e9riode n\u2019exc\u00e9dant pas 10 ans apr\u00e8s la cessation de la relation pour les Finalit\u00e9s de Service, et pas plus de 2 ans \u00e0 compter de la collecte des donn\u00e9es pour les Finalit\u00e9s de Marketing.<\/p>\n\n\n\n<h3 class=\"wp-block-heading\">4. Acc\u00e8s aux donn\u00e9es<\/h3>\n\n\n\n<p>Vos donn\u00e9es pourront \u00eatre rendues accessibles pour les finalit\u00e9s vis\u00e9es aux articles 2.A) et 2.B) :<br>\u2022 aux employ\u00e9s et collaborateurs du Responsable, en leur qualit\u00e9 de personnes autoris\u00e9es et\/ou de responsables internes du traitement et\/ou d\u2019administrateurs syst\u00e8me ;<br>\u2022 \u00e0 des soci\u00e9t\u00e9s tierces ou \u00e0 d&rsquo;autres entit\u00e9s (\u00e0 titre indicatif : fournisseurs d\u2019h\u00e9bergement du site web, prestataires de services de paiement en ligne, fournisseurs, techniciens charg\u00e9s de l\u2019assistance hardware et software, \u00e9tablissements bancaires, cabinets professionnels, etc.) qui exercent des activit\u00e9s externalis\u00e9es pour le compte du Responsable, en leur qualit\u00e9 de responsables externes du traitement.<\/p>\n\n\n\n<h3 class=\"wp-block-heading\">5. Communication des donn\u00e9es<\/h3>\n\n\n\n<p>Sans Votre consentement expr\u00e8s (en vertu de l\u2019art. 24, lettres a), b), d) du Code de confidentialit\u00e9 et \u00e0 l\u2019art. 6, lettres b) et c) du RGPD), le Responsable pourra communiquer Vos donn\u00e9es, aux fins vis\u00e9es \u00e0 l\u2019art. 2.A), aux organismes de contr\u00f4le et aux autorit\u00e9s judiciaires, lorsque cela est requis par la loi. Vos donn\u00e9es ne seront pas diffus\u00e9es.<\/p>\n\n\n\n<h3 class=\"wp-block-heading\">6. Transfert des donn\u00e9es<\/h3>\n\n\n\n<p>La gestion et la conservation des donn\u00e9es personnelles auront lieu sur des serveurs situ\u00e9s \u00e0 l\u2019int\u00e9rieur de l\u2019Union europ\u00e9enne. Les donn\u00e9es ne feront pas l\u2019objet d\u2019un transfert en dehors de l\u2019Union europ\u00e9enne. Il est toutefois entendu que le Responsable du traitement, si cela s\u2019av\u00e8re n\u00e9cessaire, pourra transf\u00e9rer l\u2019emplacement des serveurs en Italie et\/ou dans l\u2019Union europ\u00e9enne et\/ou dans des pays hors UE. Dans ce cas, le Responsable du traitement garantit d\u00e8s \u00e0 pr\u00e9sent que tout transfert de donn\u00e9es vers un pays hors UE sera effectu\u00e9 conform\u00e9ment aux dispositions l\u00e9gales applicables, en concluant, si n\u00e9cessaire, des accords assurant un niveau de protection ad\u00e9quat et\/ou en adoptant les clauses contractuelles types pr\u00e9vues par la Commission europ\u00e9enne.<\/p>\n\n\n\n<h3 class=\"wp-block-heading\">7. Nature de la communication des donn\u00e9es et cons\u00e9quences du refus de r\u00e9pondre<\/h3>\n\n\n\n<p>La communication des donn\u00e9es pour les finalit\u00e9s vis\u00e9es \u00e0 l\u2019art. 2.A) est obligatoire. En leur absence, nous ne pourrons pas Vous fournir les Services pr\u00e9vus \u00e0 l\u2019art. 2.A). La communication des donn\u00e9es pour les finalit\u00e9s vis\u00e9es \u00e0 l\u2019art. 2.B) est en revanche facultative. Vous pouvez donc choisir de ne fournir aucune donn\u00e9e ou de refuser ult\u00e9rieurement le traitement des donn\u00e9es d\u00e9j\u00e0 fournies : dans ce cas, Vous ne pourrez pas recevoir de newsletters, communications commerciales ni de mat\u00e9riel publicitaire relatif aux produits ou services offerts par le Responsable du traitement. Vous conserverez toutefois le droit de b\u00e9n\u00e9ficier des Services vis\u00e9s \u00e0 l\u2019art. 2.A).<\/p>\n\n\n\n<h3 class=\"wp-block-heading\">8. Droits de la personne concern\u00e9e<\/h3>\n\n\n\n<p>En votre qualit\u00e9 de personnes concern\u00e9es, vous b\u00e9n\u00e9ficiez des droits pr\u00e9vus \u00e0 l\u2019article 7 du Code de confidentialit\u00e9 et \u00e0 l\u2019article 15 du RGPD, \u00e0 savoir les droits suivants :<\/p>\n\n\n\n<p>1. Obtenir la confirmation de l\u2019existence ou non de donn\u00e9es personnelles vous concernant, m\u00eame si elles ne sont pas encore enregistr\u00e9es, ainsi que leur communication sous une forme intelligible ;<\/p>\n\n\n\n<p>2. obtenir l\u2019indication :<br>a) de l\u2019origine des donn\u00e9es personnelles ;<br>b) des finalit\u00e9s et des modalit\u00e9s du traitement ;<br>c) de la logique appliqu\u00e9e en cas de traitement effectu\u00e9 \u00e0 l\u2019aide d\u2019outils \u00e9lectroniques ;<br>d) des r\u00e9f\u00e9rences identifiantes du Responsable du traitement, des responsables et du repr\u00e9sentant d\u00e9sign\u00e9 conform\u00e9ment \u00e0 l\u2019article 5, alin\u00e9a 2 du Code de confidentialit\u00e9 et \u00e0 l\u2019article 3, alin\u00e9a 1 du RGPD ;<br>e) des personnes ou cat\u00e9gories de personnes auxquelles les donn\u00e9es personnelles peuvent \u00eatre communiqu\u00e9es ou qui peuvent en prendre connaissance en qualit\u00e9 de repr\u00e9sentant d\u00e9sign\u00e9 sur le territoire de l\u2019\u00c9tat, de responsables ou de personnes charg\u00e9es du traitement ;<\/p>\n\n\n\n<p>3. obtenir :<br>a) la mise \u00e0 jour, la rectification ou, lorsque Vous y avez int\u00e9r\u00eat, l\u2019int\u00e9gration des donn\u00e9es ;<br>b) la suppression, la transformation en forme anonyme ou le blocage des donn\u00e9es trait\u00e9es en violation de la loi, y compris celles dont la conservation n\u2019est pas n\u00e9cessaire au regard des finalit\u00e9s pour lesquelles les donn\u00e9es ont \u00e9t\u00e9 collect\u00e9es ou ult\u00e9rieurement trait\u00e9es ;<br>c) l\u2019attestation que les op\u00e9rations vis\u00e9es aux lettres a) et b) ont \u00e9t\u00e9 port\u00e9es \u00e0 la connaissance, y compris de leur contenu, des personnes auxquelles les donn\u00e9es ont \u00e9t\u00e9 communiqu\u00e9es ou diffus\u00e9es, sauf dans le cas o\u00f9 cette obligation s\u2019av\u00e8re impossible ou implique un recours \u00e0 des moyens manifestement disproportionn\u00e9s par rapport au droit prot\u00e9g\u00e9 ;<\/p>\n\n\n\n<p>4. s\u2019opposer, en tout ou en partie :<br>a) pour des motifs l\u00e9gitimes, au traitement des donn\u00e9es personnelles Vous concernant, m\u00eame si ces donn\u00e9es sont pertinentes au regard de la finalit\u00e9 de la collecte ;<br>b) au traitement des donn\u00e9es personnelles Vous concernant \u00e0 des fins d\u2019envoi de mat\u00e9riel publicitaire ou de vente directe, ou pour la r\u00e9alisation d\u2019\u00e9tudes de march\u00e9 ou de communications commerciales, par le biais de syst\u00e8mes automatis\u00e9s d\u2019appel sans intervention d\u2019un op\u00e9rateur, par e-mail et\/ou par des moyens traditionnels de marketing par t\u00e9l\u00e9phone et\/ou courrier postal. Il est pr\u00e9cis\u00e9 que le droit d\u2019opposition de la personne concern\u00e9e, expos\u00e9 au point b) pr\u00e9c\u00e9dent, pour les finalit\u00e9s de marketing direct par des moyens automatis\u00e9s s\u2019\u00e9tend aux moyens traditionnels et que, en tout \u00e9tat de cause, la possibilit\u00e9 pour la personne concern\u00e9e d\u2019exercer ce droit d\u2019opposition m\u00eame partiellement reste sauvegard\u00e9e.<\/p>\n\n\n\n<p>Par cons\u00e9quent, la personne concern\u00e9e peut d\u00e9cider de ne recevoir que des communications par des moyens traditionnels, ou uniquement des communications automatis\u00e9es, ou aucune des deux cat\u00e9gories de communication.<\/p>\n\n\n\n<p>Le cas \u00e9ch\u00e9ant, vous disposez \u00e9galement des droits pr\u00e9vus aux articles 16 \u00e0 21 du RGPD (droit de rectification, droit \u00e0 l\u2019effacement, droit \u00e0 la limitation du traitement, droit \u00e0 la portabilit\u00e9 des donn\u00e9es contractuelles et des donn\u00e9es brutes de navigation, droit d\u2019opposition), ainsi que du droit de d\u00e9poser une r\u00e9clamation aupr\u00e8s de l\u2019Autorit\u00e9 de contr\u00f4le comp\u00e9tente.<\/p>\n\n\n\n<h3 class=\"wp-block-heading\">9. Modalit\u00e9s d\u2019exercice des droits<\/h3>\n\n\n\n<p>Vous pouvez exercer Vos droits \u00e0 tout moment :<\/p>\n\n\n\n<p>\u2022 en envoyant une lettre recommand\u00e9e avec accus\u00e9 de r\u00e9ception \u00e0 l\u2019adresse du Responsable du traitement ;<br>\u2022 en envoyant un courriel \u00e0 <a href=\"mailto:info@arcointernational.it\">info@arcointernational.it<\/a> ;<br>\u2022 en appelant le num\u00e9ro +39 030 93076700<\/p>\n\n\n\n<h3 class=\"wp-block-heading\">10. Responsable du traitement, d\u00e9l\u00e9gu\u00e9 et personnes habilit\u00e9es<\/h3>\n\n\n\n<p>Le Responsable du traitement est Arco International S.r.l., dont le si\u00e8ge social est situ\u00e9 Via Sostegno 6\/B, 25124 \u2013 Brescia (BS). La liste mise \u00e0 jour des d\u00e9l\u00e9gu\u00e9s et des personnes habilit\u00e9es au traitement est conserv\u00e9e au si\u00e8ge du Responsable du traitement.<\/p>\n\n\n\n<h3 class=\"wp-block-heading\">11.\u00a0<strong>Politique relative aux cookies<\/strong><\/h3>\n\n\n\n<p>Un cookie est un petit fichier texte enregistr\u00e9 sur l\u2019ordinateur lorsque l\u2019utilisateur visite un site web ; de cette mani\u00e8re, les informations peuvent \u00eatre enregistr\u00e9es et lues par le site lors d\u2019une visite ult\u00e9rieure. Certains cookies sont essentiels au bon fonctionnement du site, tandis que d\u2019autres permettent de conserver certaines donn\u00e9es saisies par l\u2019utilisateur afin de ne pas avoir \u00e0 les ressaisir \u00e0 chaque connexion.<\/p>\n\n\n\n<p>Le Responsable du traitement utilise les cookies afin de permettre \u00e0 l\u2019utilisateur une navigation sur le site plus adapt\u00e9e et personnalis\u00e9e \u00e0 ses besoins, de fournir des contenus en lien avec ses centres d\u2019int\u00e9r\u00eat et de suivre ses pr\u00e9f\u00e9rences. Gr\u00e2ce \u00e0 l\u2019utilisation des cookies, le Responsable peut \u00e9galement mener des recherches et des analyses pour am\u00e9liorer le contenu du site, les produits et services offerts et, ce qui n\u2019est pas moins important, renforcer la s\u00e9curit\u00e9 du site en pr\u00e9venant les activit\u00e9s frauduleuses. La plupart des cookies sont automatiquement supprim\u00e9s du disque dur de l\u2019utilisateur \u00e0 la fin de chaque session de navigation, tandis que d\u2019autres restent sur le disque dur pour une dur\u00e9e prolong\u00e9e pour des raisons de commodit\u00e9. L\u2019utilisateur peut choisir de d\u00e9sactiver les cookies, mais cette op\u00e9ration emp\u00eachera l\u2019ajout d\u2019articles au devis, la confirmation de la commande ainsi que l\u2019utilisation des services n\u00e9cessitant une connexion sur le site. La plupart des navigateurs disposent d\u2019une fonction \u00abaide\u00bb qui indique comment bloquer les cookies, comment \u00eatre averti lors de la r\u00e9ception d\u2019un nouveau cookie ou comment les d\u00e9sactiver compl\u00e8tement. Il est \u00e9galement possible de d\u00e9sactiver ou de supprimer des donn\u00e9es similaires utilis\u00e9es par des modules compl\u00e9mentaires du navigateur, tels que les cookies Flash, simplement en modifiant les param\u00e8tres du module concern\u00e9. Le Responsable utilise aussi les cookies pour proposer \u00e0 l\u2019utilisateur les meilleures offres publicitaires selon ses go\u00fbts: quels produits sont consult\u00e9s, lesquels sont s\u00e9lectionn\u00e9s, et comment l\u2019utilisateur interagit avec le site. Il est toutefois rappel\u00e9 qu\u2019en aucun cas l\u2019interaction de l\u2019utilisateur avec d\u2019autres sites ne sera associ\u00e9e \u00e0 son identit\u00e9 sur cette plateforme.<br><\/p>\n","protected":false},"excerpt":{"rendered":"<p>Arco International S.r.l., dont le si\u00e8ge social est situ\u00e9 Via Sostegno 6\/B 25124 \u2013 Brescia (BS), num\u00e9ro de&#8230;<\/p>\n","protected":false},"author":2,"featured_media":0,"parent":0,"menu_order":0,"comment_status":"closed","ping_status":"closed","template":"","meta":{"_acf_changed":false,"footnotes":""},"class_list":["post-2889","page","type-page","status-publish","hentry"],"acf":[],"yoast_head":"<!-- This site is optimized with the Yoast SEO plugin v26.7 - https:\/\/yoast.com\/wordpress\/plugins\/seo\/ -->\n<title>Politique de confidentialit\u00e9 - Arco international<\/title>\n<meta name=\"robots\" content=\"index, follow, max-snippet:-1, max-image-preview:large, max-video-preview:-1\" \/>\n<link rel=\"canonical\" href=\"https:\/\/arcointernational.it\/fr\/privacy-policy\/\" \/>\n<meta property=\"og:locale\" content=\"fr_FR\" \/>\n<meta property=\"og:type\" content=\"article\" \/>\n<meta property=\"og:title\" content=\"Politique de confidentialit\u00e9 - Arco international\" \/>\n<meta property=\"og:description\" content=\"Arco International S.r.l., dont le si\u00e8ge social est situ\u00e9 Via Sostegno 6\/B 25124 \u2013 Brescia (BS), num\u00e9ro de...\" \/>\n<meta property=\"og:url\" content=\"https:\/\/arcointernational.it\/fr\/privacy-policy\/\" \/>\n<meta property=\"og:site_name\" content=\"Arco international\" \/>\n<meta property=\"article:modified_time\" content=\"2025-08-24T07:15:59+00:00\" \/>\n<script type=\"application\/ld+json\" class=\"yoast-schema-graph\">{\"@context\":\"https:\/\/schema.org\",\"@graph\":[{\"@type\":\"WebPage\",\"@id\":\"https:\/\/arcointernational.it\/fr\/privacy-policy\/\",\"url\":\"https:\/\/arcointernational.it\/fr\/privacy-policy\/\",\"name\":\"Politique de confidentialit\u00e9 - Arco international\",\"isPartOf\":{\"@id\":\"https:\/\/arcointernational.it\/fr\/#website\"},\"datePublished\":\"2023-07-19T10:33:08+00:00\",\"dateModified\":\"2025-08-24T07:15:59+00:00\",\"breadcrumb\":{\"@id\":\"https:\/\/arcointernational.it\/fr\/privacy-policy\/#breadcrumb\"},\"inLanguage\":\"fr-FR\",\"potentialAction\":[{\"@type\":\"ReadAction\",\"target\":[\"https:\/\/arcointernational.it\/fr\/privacy-policy\/\"]}]},{\"@type\":\"BreadcrumbList\",\"@id\":\"https:\/\/arcointernational.it\/fr\/privacy-policy\/#breadcrumb\",\"itemListElement\":[{\"@type\":\"ListItem\",\"position\":1,\"name\":\"Home\",\"item\":\"https:\/\/arcointernational.it\/fr\/\"},{\"@type\":\"ListItem\",\"position\":2,\"name\":\"Politique de confidentialit\u00e9\"}]},{\"@type\":\"WebSite\",\"@id\":\"https:\/\/arcointernational.it\/fr\/#website\",\"url\":\"https:\/\/arcointernational.it\/fr\/\",\"name\":\"Arco international\",\"description\":\"Installations de d\u00e9coupe et de granulation\",\"potentialAction\":[{\"@type\":\"SearchAction\",\"target\":{\"@type\":\"EntryPoint\",\"urlTemplate\":\"https:\/\/arcointernational.it\/fr\/?s={search_term_string}\"},\"query-input\":{\"@type\":\"PropertyValueSpecification\",\"valueRequired\":true,\"valueName\":\"search_term_string\"}}],\"inLanguage\":\"fr-FR\"}]}<\/script>\n<!-- \/ Yoast SEO plugin. -->","yoast_head_json":{"title":"Politique de confidentialit\u00e9 - Arco international","robots":{"index":"index","follow":"follow","max-snippet":"max-snippet:-1","max-image-preview":"max-image-preview:large","max-video-preview":"max-video-preview:-1"},"canonical":"https:\/\/arcointernational.it\/fr\/privacy-policy\/","og_locale":"fr_FR","og_type":"article","og_title":"Politique de confidentialit\u00e9 - Arco international","og_description":"Arco International S.r.l., dont le si\u00e8ge social est situ\u00e9 Via Sostegno 6\/B 25124 \u2013 Brescia (BS), num\u00e9ro de...","og_url":"https:\/\/arcointernational.it\/fr\/privacy-policy\/","og_site_name":"Arco international","article_modified_time":"2025-08-24T07:15:59+00:00","schema":{"@context":"https:\/\/schema.org","@graph":[{"@type":"WebPage","@id":"https:\/\/arcointernational.it\/fr\/privacy-policy\/","url":"https:\/\/arcointernational.it\/fr\/privacy-policy\/","name":"Politique de confidentialit\u00e9 - Arco international","isPartOf":{"@id":"https:\/\/arcointernational.it\/fr\/#website"},"datePublished":"2023-07-19T10:33:08+00:00","dateModified":"2025-08-24T07:15:59+00:00","breadcrumb":{"@id":"https:\/\/arcointernational.it\/fr\/privacy-policy\/#breadcrumb"},"inLanguage":"fr-FR","potentialAction":[{"@type":"ReadAction","target":["https:\/\/arcointernational.it\/fr\/privacy-policy\/"]}]},{"@type":"BreadcrumbList","@id":"https:\/\/arcointernational.it\/fr\/privacy-policy\/#breadcrumb","itemListElement":[{"@type":"ListItem","position":1,"name":"Home","item":"https:\/\/arcointernational.it\/fr\/"},{"@type":"ListItem","position":2,"name":"Politique de confidentialit\u00e9"}]},{"@type":"WebSite","@id":"https:\/\/arcointernational.it\/fr\/#website","url":"https:\/\/arcointernational.it\/fr\/","name":"Arco international","description":"Installations de d\u00e9coupe et de granulation","potentialAction":[{"@type":"SearchAction","target":{"@type":"EntryPoint","urlTemplate":"https:\/\/arcointernational.it\/fr\/?s={search_term_string}"},"query-input":{"@type":"PropertyValueSpecification","valueRequired":true,"valueName":"search_term_string"}}],"inLanguage":"fr-FR"}]}},"_links":{"self":[{"href":"https:\/\/arcointernational.it\/fr\/wp-json\/wp\/v2\/pages\/2889","targetHints":{"allow":["GET"]}}],"collection":[{"href":"https:\/\/arcointernational.it\/fr\/wp-json\/wp\/v2\/pages"}],"about":[{"href":"https:\/\/arcointernational.it\/fr\/wp-json\/wp\/v2\/types\/page"}],"author":[{"embeddable":true,"href":"https:\/\/arcointernational.it\/fr\/wp-json\/wp\/v2\/users\/2"}],"replies":[{"embeddable":true,"href":"https:\/\/arcointernational.it\/fr\/wp-json\/wp\/v2\/comments?post=2889"}],"version-history":[{"count":1,"href":"https:\/\/arcointernational.it\/fr\/wp-json\/wp\/v2\/pages\/2889\/revisions"}],"predecessor-version":[{"id":3304,"href":"https:\/\/arcointernational.it\/fr\/wp-json\/wp\/v2\/pages\/2889\/revisions\/3304"}],"wp:attachment":[{"href":"https:\/\/arcointernational.it\/fr\/wp-json\/wp\/v2\/media?parent=2889"}],"curies":[{"name":"wp","href":"https:\/\/api.w.org\/{rel}","templated":true}]}}