{"id":2890,"date":"2024-04-23T09:37:22","date_gmt":"2024-04-23T07:37:22","guid":{"rendered":"https:\/\/arcointernational.it\/profilo\/"},"modified":"2025-08-20T06:37:13","modified_gmt":"2025-08-20T04:37:13","slug":"profil","status":"publish","type":"page","link":"https:\/\/arcointernational.it\/fr\/profil\/","title":{"rendered":"Profil"},"content":{"rendered":"\n<p><strong>Notre histoire : de 1997 \u00e0 aujourd\u2019hui<\/strong><\/p>\n\n\n\n<p>C\u2019est en 1997 qu\u2019un groupe de techniciens, forts d\u2019une exp\u00e9rience de plus de dix ans dans le secteur des machines pour le travail du bois, a d\u00e9cid\u00e9 de donner vie \u00e0 un projet ambitieux : la cr\u00e9ation d\u2019<strong>ARCO srl<\/strong>. D\u00e8s le d\u00e9but, nous nous sommes consacr\u00e9s avec passion et expertise \u00e0 la fourniture et \u00e0 la r\u00e9novation de machines d\u2019occasion, en offrant une assistance sp\u00e9cialis\u00e9e sur les scies \u00e0 panneaux de toutes marques et types. Les collaborations \u00e9tablies avec les plus grandes entreprises du secteur nous ont permis de cro\u00eetre et de nous consolider, transformant une simple id\u00e9e en une r\u00e9f\u00e9rence sur le march\u00e9.<\/p>\n\n\n\n<p>Le parcours d\u2019<strong>ARCO<\/strong> a \u00e9t\u00e9 marqu\u00e9 par des succ\u00e8s construits jour apr\u00e8s jour, gr\u00e2ce \u00e0 l\u2019engagement et au professionnalisme de notre personnel. La capacit\u00e9 d\u2019anticiper les exigences du march\u00e9 et d\u2019\u00e9voluer constamment a conduit \u00e0 la naissance d\u2019<strong>ARCO INTERNATIONAL srl<\/strong>. Avec cette nouvelle entit\u00e9, nous avons \u00e9largi nos horizons, en offrant \u00e0 nos clients non seulement les services traditionnels, mais aussi du conseil, de la conception et la r\u00e9alisation d\u2019installations de d\u00e9coupe pour une large gamme de mat\u00e9riaux : du bois aux panneaux plastiques, du fibrociment aux profil\u00e9s en aluminium, jusqu\u2019\u00e0 tous les mat\u00e9riaux non ferreux.<\/p>\n\n\n\n<p>Au fil des ann\u00e9es, nous nous sommes engag\u00e9s \u00e0 identifier et exploiter toutes les potentialit\u00e9s applicatives de nos machines, devenant ainsi capables de concevoir et de r\u00e9aliser des scies \u00e0 panneaux sur mesure, adapt\u00e9es aussi bien aux petites qu\u2019aux grandes productions.<\/p>\n\n\n\n<p>Cela nous a conduits, en <strong>2009<\/strong>, \u00e0 l\u2019acquisition de <strong>NOVA PELLET<\/strong>, une marque historique et leader dans la production de machines et d\u2019installations pour la granulation, couvertes par un brevet et enti\u00e8rement con\u00e7ues et d\u00e9velopp\u00e9es en <strong>Italie<\/strong>.<\/p>\n\n\n\n<p>Aujourd\u2019hui, le <strong>Groupe Arco<\/strong> continue d\u2019investir constamment pour am\u00e9liorer les standards de qualit\u00e9 de la production et accro\u00eetre sa capacit\u00e9 \u00e0 r\u00e9pondre aux exigences de nos clients. Notre objectif reste inchang\u00e9 : innover et diversifier afin d\u2019offrir des produits comp\u00e9titifs de haute qualit\u00e9, accompagn\u00e9s d\u2019un service d\u2019assistance r\u00e9actif et pr\u00e9cis.<\/p>\n\n\n\n<p>Dans chacune de nos machines, dans chacune de nos solutions, se trouvent la passion et l\u2019ing\u00e9niosit\u00e9 qui nous accompagnent depuis le d\u00e9but.<\/p>\n\n\n\n<p>Ceci est l\u2019histoire du <strong>Groupe Arco<\/strong>. <br>Une histoire de croissance, d\u2019innovation et de passion. Une histoire du v\u00e9ritable <strong>MADE IN ITALY<\/strong>.<\/p>\n\n\n\n<div style=\"height:25px\" aria-hidden=\"true\" class=\"wp-block-spacer\"><\/div>\n\n\n\n<div class=\"wp-block-buttons is-layout-flex wp-block-buttons-is-layout-flex\">\n<div class=\"wp-block-button arco\"><a class=\"wp-block-button__link wp-element-button\" href=\"https:\/\/arcointernational.it\/wp-content\/uploads\/2024\/09\/M5-02_Politica_Aziendale-2024.pdf\" target=\"_blank\" rel=\"noreferrer noopener\">Lisez notre Politique d\u2019entreprise<\/a><\/div>\n<\/div>\n\n\n\n<p><\/p>\n","protected":false},"excerpt":{"rendered":"<p>Notre histoire : de 1997 \u00e0 aujourd\u2019hui C\u2019est en 1997 qu\u2019un groupe de techniciens, forts d\u2019une exp\u00e9rience de&#8230;<\/p>\n","protected":false},"author":2,"featured_media":2891,"parent":0,"menu_order":0,"comment_status":"closed","ping_status":"closed","template":"page-templates\/profile.php","meta":{"_acf_changed":false,"footnotes":""},"class_list":["post-2890","page","type-page","status-publish","has-post-thumbnail","hentry"],"acf":[],"yoast_head":"<!-- This site is optimized with the Yoast SEO plugin v26.7 - https:\/\/yoast.com\/wordpress\/plugins\/seo\/ -->\n<title>Profil - Arco international<\/title>\n<meta name=\"robots\" content=\"index, follow, max-snippet:-1, max-image-preview:large, max-video-preview:-1\" \/>\n<link rel=\"canonical\" href=\"https:\/\/arcointernational.it\/fr\/profil\/\" \/>\n<meta property=\"og:locale\" content=\"fr_FR\" \/>\n<meta property=\"og:type\" content=\"article\" \/>\n<meta property=\"og:title\" content=\"Profil - Arco international\" \/>\n<meta property=\"og:description\" content=\"Notre histoire : de 1997 \u00e0 aujourd\u2019hui C\u2019est en 1997 qu\u2019un groupe de techniciens, forts d\u2019une exp\u00e9rience de...\" \/>\n<meta property=\"og:url\" content=\"https:\/\/arcointernational.it\/fr\/profil\/\" \/>\n<meta property=\"og:site_name\" content=\"Arco international\" \/>\n<meta property=\"article:modified_time\" content=\"2025-08-20T04:37:13+00:00\" \/>\n<meta property=\"og:image\" content=\"https:\/\/arcointernational.it\/wp-content\/uploads\/2024\/07\/NovaPellet-125-scaled.jpg\" \/>\n\t<meta property=\"og:image:width\" content=\"4000\" \/>\n\t<meta property=\"og:image:height\" content=\"2668\" \/>\n\t<meta property=\"og:image:type\" content=\"image\/jpeg\" \/>\n<script type=\"application\/ld+json\" class=\"yoast-schema-graph\">{\"@context\":\"https:\/\/schema.org\",\"@graph\":[{\"@type\":\"WebPage\",\"@id\":\"https:\/\/arcointernational.it\/fr\/profil\/\",\"url\":\"https:\/\/arcointernational.it\/fr\/profil\/\",\"name\":\"Profil - Arco international\",\"isPartOf\":{\"@id\":\"https:\/\/arcointernational.it\/fr\/#website\"},\"primaryImageOfPage\":{\"@id\":\"https:\/\/arcointernational.it\/fr\/profil\/#primaryimage\"},\"image\":{\"@id\":\"https:\/\/arcointernational.it\/fr\/profil\/#primaryimage\"},\"thumbnailUrl\":\"https:\/\/arcointernational.it\/wp-content\/uploads\/2024\/07\/NovaPellet-125-scaled.jpg\",\"datePublished\":\"2024-04-23T07:37:22+00:00\",\"dateModified\":\"2025-08-20T04:37:13+00:00\",\"breadcrumb\":{\"@id\":\"https:\/\/arcointernational.it\/fr\/profil\/#breadcrumb\"},\"inLanguage\":\"fr-FR\",\"potentialAction\":[{\"@type\":\"ReadAction\",\"target\":[\"https:\/\/arcointernational.it\/fr\/profil\/\"]}]},{\"@type\":\"ImageObject\",\"inLanguage\":\"fr-FR\",\"@id\":\"https:\/\/arcointernational.it\/fr\/profil\/#primaryimage\",\"url\":\"https:\/\/arcointernational.it\/wp-content\/uploads\/2024\/07\/NovaPellet-125-scaled.jpg\",\"contentUrl\":\"https:\/\/arcointernational.it\/wp-content\/uploads\/2024\/07\/NovaPellet-125-scaled.jpg\",\"width\":4000,\"height\":2668},{\"@type\":\"BreadcrumbList\",\"@id\":\"https:\/\/arcointernational.it\/fr\/profil\/#breadcrumb\",\"itemListElement\":[{\"@type\":\"ListItem\",\"position\":1,\"name\":\"Home\",\"item\":\"https:\/\/arcointernational.it\/fr\/\"},{\"@type\":\"ListItem\",\"position\":2,\"name\":\"Profil\"}]},{\"@type\":\"WebSite\",\"@id\":\"https:\/\/arcointernational.it\/fr\/#website\",\"url\":\"https:\/\/arcointernational.it\/fr\/\",\"name\":\"Arco international\",\"description\":\"Installations de d\u00e9coupe et de granulation\",\"potentialAction\":[{\"@type\":\"SearchAction\",\"target\":{\"@type\":\"EntryPoint\",\"urlTemplate\":\"https:\/\/arcointernational.it\/fr\/?s={search_term_string}\"},\"query-input\":{\"@type\":\"PropertyValueSpecification\",\"valueRequired\":true,\"valueName\":\"search_term_string\"}}],\"inLanguage\":\"fr-FR\"}]}<\/script>\n<!-- \/ Yoast SEO plugin. -->","yoast_head_json":{"title":"Profil - Arco international","robots":{"index":"index","follow":"follow","max-snippet":"max-snippet:-1","max-image-preview":"max-image-preview:large","max-video-preview":"max-video-preview:-1"},"canonical":"https:\/\/arcointernational.it\/fr\/profil\/","og_locale":"fr_FR","og_type":"article","og_title":"Profil - Arco international","og_description":"Notre histoire : de 1997 \u00e0 aujourd\u2019hui C\u2019est en 1997 qu\u2019un groupe de techniciens, forts d\u2019une exp\u00e9rience de...","og_url":"https:\/\/arcointernational.it\/fr\/profil\/","og_site_name":"Arco international","article_modified_time":"2025-08-20T04:37:13+00:00","og_image":[{"width":4000,"height":2668,"url":"https:\/\/arcointernational.it\/wp-content\/uploads\/2024\/07\/NovaPellet-125-scaled.jpg","type":"image\/jpeg"}],"schema":{"@context":"https:\/\/schema.org","@graph":[{"@type":"WebPage","@id":"https:\/\/arcointernational.it\/fr\/profil\/","url":"https:\/\/arcointernational.it\/fr\/profil\/","name":"Profil - Arco international","isPartOf":{"@id":"https:\/\/arcointernational.it\/fr\/#website"},"primaryImageOfPage":{"@id":"https:\/\/arcointernational.it\/fr\/profil\/#primaryimage"},"image":{"@id":"https:\/\/arcointernational.it\/fr\/profil\/#primaryimage"},"thumbnailUrl":"https:\/\/arcointernational.it\/wp-content\/uploads\/2024\/07\/NovaPellet-125-scaled.jpg","datePublished":"2024-04-23T07:37:22+00:00","dateModified":"2025-08-20T04:37:13+00:00","breadcrumb":{"@id":"https:\/\/arcointernational.it\/fr\/profil\/#breadcrumb"},"inLanguage":"fr-FR","potentialAction":[{"@type":"ReadAction","target":["https:\/\/arcointernational.it\/fr\/profil\/"]}]},{"@type":"ImageObject","inLanguage":"fr-FR","@id":"https:\/\/arcointernational.it\/fr\/profil\/#primaryimage","url":"https:\/\/arcointernational.it\/wp-content\/uploads\/2024\/07\/NovaPellet-125-scaled.jpg","contentUrl":"https:\/\/arcointernational.it\/wp-content\/uploads\/2024\/07\/NovaPellet-125-scaled.jpg","width":4000,"height":2668},{"@type":"BreadcrumbList","@id":"https:\/\/arcointernational.it\/fr\/profil\/#breadcrumb","itemListElement":[{"@type":"ListItem","position":1,"name":"Home","item":"https:\/\/arcointernational.it\/fr\/"},{"@type":"ListItem","position":2,"name":"Profil"}]},{"@type":"WebSite","@id":"https:\/\/arcointernational.it\/fr\/#website","url":"https:\/\/arcointernational.it\/fr\/","name":"Arco international","description":"Installations de d\u00e9coupe et de granulation","potentialAction":[{"@type":"SearchAction","target":{"@type":"EntryPoint","urlTemplate":"https:\/\/arcointernational.it\/fr\/?s={search_term_string}"},"query-input":{"@type":"PropertyValueSpecification","valueRequired":true,"valueName":"search_term_string"}}],"inLanguage":"fr-FR"}]}},"_links":{"self":[{"href":"https:\/\/arcointernational.it\/fr\/wp-json\/wp\/v2\/pages\/2890","targetHints":{"allow":["GET"]}}],"collection":[{"href":"https:\/\/arcointernational.it\/fr\/wp-json\/wp\/v2\/pages"}],"about":[{"href":"https:\/\/arcointernational.it\/fr\/wp-json\/wp\/v2\/types\/page"}],"author":[{"embeddable":true,"href":"https:\/\/arcointernational.it\/fr\/wp-json\/wp\/v2\/users\/2"}],"replies":[{"embeddable":true,"href":"https:\/\/arcointernational.it\/fr\/wp-json\/wp\/v2\/comments?post=2890"}],"version-history":[{"count":1,"href":"https:\/\/arcointernational.it\/fr\/wp-json\/wp\/v2\/pages\/2890\/revisions"}],"predecessor-version":[{"id":2901,"href":"https:\/\/arcointernational.it\/fr\/wp-json\/wp\/v2\/pages\/2890\/revisions\/2901"}],"wp:featuredmedia":[{"embeddable":true,"href":"https:\/\/arcointernational.it\/fr\/wp-json\/wp\/v2\/media\/2891"}],"wp:attachment":[{"href":"https:\/\/arcointernational.it\/fr\/wp-json\/wp\/v2\/media?parent=2890"}],"curies":[{"name":"wp","href":"https:\/\/api.w.org\/{rel}","templated":true}]}}